{"id":1359,"date":"2022-09-08T21:28:40","date_gmt":"2022-09-08T19:28:40","guid":{"rendered":"https:\/\/www.sfdc.fr\/?page_id=1359"},"modified":"2025-11-10T13:12:02","modified_gmt":"2025-11-10T12:12:02","slug":"distribution","status":"publish","type":"page","link":"https:\/\/www.sfdc.fr\/index.php\/distribution\/","title":{"rendered":"Distribution"},"content":{"rendered":"\t\t<div data-elementor-type=\"wp-page\" data-elementor-id=\"1359\" class=\"elementor elementor-1359\">\n\t\t\t\t\t\t\t\t\t<section class=\"elementor-section elementor-top-section elementor-element elementor-element-2c46d68 elementor-section-boxed elementor-section-height-default elementor-section-height-default\" data-id=\"2c46d68\" data-element_type=\"section\">\n\t\t\t\t\t\t<div class=\"elementor-container elementor-column-gap-default\">\n\t\t\t\t\t<div class=\"elementor-column elementor-col-50 elementor-top-column elementor-element elementor-element-9d60694\" data-id=\"9d60694\" data-element_type=\"column\">\n\t\t\t<div class=\"elementor-widget-wrap elementor-element-populated\">\n\t\t\t\t\t\t\t\t<div class=\"elementor-element elementor-element-e881435 elementor-widget elementor-widget-spacer\" data-id=\"e881435\" data-element_type=\"widget\" data-widget_type=\"spacer.default\">\n\t\t\t\t<div class=\"elementor-widget-container\">\n\t\t\t<style>\/*! elementor - v3.6.4 - 13-04-2022 *\/\n.e-container.e-container--row .elementor-spacer-inner{width:var(--spacer-size)}.e-container.e-container--column .elementor-spacer-inner,.elementor-column .elementor-spacer-inner{height:var(--spacer-size)}<\/style>\t\t<div class=\"elementor-spacer\">\n\t\t\t<div class=\"elementor-spacer-inner\"><\/div>\n\t\t<\/div>\n\t\t\t\t<\/div>\n\t\t\t\t<\/div>\n\t\t\t\t\t<\/div>\n\t\t<\/div>\n\t\t\t\t<div class=\"elementor-column elementor-col-50 elementor-top-column elementor-element elementor-element-35249d0\" data-id=\"35249d0\" data-element_type=\"column\">\n\t\t\t<div class=\"elementor-widget-wrap\">\n\t\t\t\t\t\t\t\t\t<\/div>\n\t\t<\/div>\n\t\t\t\t\t\t\t<\/div>\n\t\t<\/section>\n\t\t\t\t<section class=\"elementor-section elementor-top-section elementor-element elementor-element-e0dac76 elementor-section-boxed elementor-section-height-default elementor-section-height-default\" data-id=\"e0dac76\" data-element_type=\"section\">\n\t\t\t\t\t\t<div class=\"elementor-container elementor-column-gap-default\">\n\t\t\t\t\t<div class=\"elementor-column elementor-col-50 elementor-top-column elementor-element elementor-element-1e60bd3\" data-id=\"1e60bd3\" data-element_type=\"column\">\n\t\t\t<div class=\"elementor-widget-wrap elementor-element-populated\">\n\t\t\t\t\t\t\t\t<div class=\"elementor-element elementor-element-7766737 elementor-widget elementor-widget-heading\" data-id=\"7766737\" data-element_type=\"widget\" data-widget_type=\"heading.default\">\n\t\t\t\t<div class=\"elementor-widget-container\">\n\t\t\t<style>\/*! elementor - v3.6.4 - 13-04-2022 *\/\n.elementor-heading-title{padding:0;margin:0;line-height:1}.elementor-widget-heading .elementor-heading-title[class*=elementor-size-]>a{color:inherit;font-size:inherit;line-height:inherit}.elementor-widget-heading .elementor-heading-title.elementor-size-small{font-size:15px}.elementor-widget-heading .elementor-heading-title.elementor-size-medium{font-size:19px}.elementor-widget-heading .elementor-heading-title.elementor-size-large{font-size:29px}.elementor-widget-heading .elementor-heading-title.elementor-size-xl{font-size:39px}.elementor-widget-heading .elementor-heading-title.elementor-size-xxl{font-size:59px}<\/style><h2 class=\"elementor-heading-title elementor-size-default\">Distribution<\/h2>\t\t<\/div>\n\t\t\t\t<\/div>\n\t\t\t\t\t<\/div>\n\t\t<\/div>\n\t\t\t\t<div class=\"elementor-column elementor-col-50 elementor-top-column elementor-element elementor-element-60d8193\" data-id=\"60d8193\" data-element_type=\"column\">\n\t\t\t<div class=\"elementor-widget-wrap elementor-element-populated\">\n\t\t\t\t\t\t\t\t<div class=\"elementor-element elementor-element-dbb6f48 elementor-widget elementor-widget-image\" data-id=\"dbb6f48\" data-element_type=\"widget\" data-widget_type=\"image.default\">\n\t\t\t\t<div class=\"elementor-widget-container\">\n\t\t\t<style>\/*! elementor - v3.6.4 - 13-04-2022 *\/\n.elementor-widget-image{text-align:center}.elementor-widget-image a{display:inline-block}.elementor-widget-image a img[src$=\".svg\"]{width:48px}.elementor-widget-image img{vertical-align:middle;display:inline-block}<\/style>\t\t\t\t\t\t\t\t\t\t\t\t\t<a href=\"https:\/\/www.sfdc.fr\/index.php\/distribution-world-sales\/\">\n\t\t\t\t\t\t\t<img decoding=\"async\" src=\"https:\/\/www.sfdc.fr\/wp-content\/uploads\/elementor\/thumbs\/Flag_of_the_United_Kingdom_3-5.svg-pnzzlkibfg3m3q7acom3bj9ainikitnnqldc6og7bc.png\" title=\"Flag_of_the_United_Kingdom_(3-5).svg\" alt=\"Flag_of_the_United_Kingdom_(3-5).svg\" \/>\t\t\t\t\t\t\t\t<\/a>\n\t\t\t\t\t\t\t\t\t\t\t\t\t\t\t<\/div>\n\t\t\t\t<\/div>\n\t\t\t\t\t<\/div>\n\t\t<\/div>\n\t\t\t\t\t\t\t<\/div>\n\t\t<\/section>\n\t\t\t\t<section class=\"elementor-section elementor-top-section elementor-element elementor-element-92eb210 elementor-section-boxed elementor-section-height-default elementor-section-height-default\" data-id=\"92eb210\" data-element_type=\"section\">\n\t\t\t\t\t\t<div class=\"elementor-container elementor-column-gap-default\">\n\t\t\t\t\t<div class=\"elementor-column elementor-col-100 elementor-top-column elementor-element elementor-element-f52d811\" data-id=\"f52d811\" data-element_type=\"column\">\n\t\t\t<div class=\"elementor-widget-wrap elementor-element-populated\">\n\t\t\t\t\t\t\t\t<div class=\"elementor-element elementor-element-0191b74 elementor-widget elementor-widget-text-editor\" data-id=\"0191b74\" data-element_type=\"widget\" data-widget_type=\"text-editor.default\">\n\t\t\t\t<div class=\"elementor-widget-container\">\n\t\t\t<style>\/*! elementor - v3.6.4 - 13-04-2022 *\/\n.elementor-widget-text-editor.elementor-drop-cap-view-stacked .elementor-drop-cap{background-color:#818a91;color:#fff}.elementor-widget-text-editor.elementor-drop-cap-view-framed .elementor-drop-cap{color:#818a91;border:3px solid;background-color:transparent}.elementor-widget-text-editor:not(.elementor-drop-cap-view-default) .elementor-drop-cap{margin-top:8px}.elementor-widget-text-editor:not(.elementor-drop-cap-view-default) .elementor-drop-cap-letter{width:1em;height:1em}.elementor-widget-text-editor .elementor-drop-cap{float:left;text-align:center;line-height:1;font-size:50px}.elementor-widget-text-editor .elementor-drop-cap-letter{display:inline-block}<\/style>\t\t\t\t<p><span style=\"font-weight: 400;\">La Soci\u00e9t\u00e9 Fran\u00e7aise du Cin\u00e9ma adapte son mod\u00e8le de production et de sortie selon l\u2019\u00e9conomie de chaque projet. Compte tenu des \u00e9volutions du march\u00e9, par notre mod\u00e8le, nous cherchons \u00e0 offrir le maximum de souplesse \u00e0 tous nos partenaires (co-producteurs, festivals, distributeurs, exploitants, t\u00e9l\u00e9diffuseurs, plateformes et institutionnels). Pour toute demande d&rsquo;acquisition de droits, de pr\u00e9achat ou de partenariat, nous vous invitons \u00e0 prendre contact avec nous.<\/span><\/p>\n<p><span style=\"font-weight: 400;\">En France, nos films sont distribu\u00e9s en salle par notre label interne : Astrena Distribution.&nbsp;<\/span><\/p>\n<p><span style=\"font-weight: 400;\">La Soci\u00e9t\u00e9 Fran\u00e7aise du Cin\u00e9ma est immatricul\u00e9e au Conseil National du Cin\u00e9ma et de l&rsquo;image anim\u00e9e aupr\u00e8s du service du soutien \u00e0 la production et \u00e0 la distribution pour les activit\u00e9s suivantes :&nbsp;<\/span><\/p>\n<p>-Producteur de longs m\u00e9trages : N\u00b011226<br>-Producteur de courts m\u00e9trage : N\u00b015716<br>-Distributeur de films : N\u00b05963<br>-Import\/Export de films : N\u00b08375<\/p>\t\t\t\t\t\t<\/div>\n\t\t\t\t<\/div>\n\t\t\t\t\t<\/div>\n\t\t<\/div>\n\t\t\t\t\t\t\t<\/div>\n\t\t<\/section>\n\t\t\t\t<section class=\"elementor-section elementor-top-section elementor-element elementor-element-674d703 elementor-section-boxed elementor-section-height-default elementor-section-height-default\" data-id=\"674d703\" data-element_type=\"section\">\n\t\t\t\t\t\t<div class=\"elementor-container elementor-column-gap-default\">\n\t\t\t\t\t<div class=\"elementor-column elementor-col-50 elementor-top-column elementor-element elementor-element-0677582\" data-id=\"0677582\" data-element_type=\"column\">\n\t\t\t<div class=\"elementor-widget-wrap elementor-element-populated\">\n\t\t\t\t\t\t\t\t<div class=\"elementor-element elementor-element-675dac3 elementor-widget elementor-widget-spacer\" data-id=\"675dac3\" data-element_type=\"widget\" data-widget_type=\"spacer.default\">\n\t\t\t\t<div class=\"elementor-widget-container\">\n\t\t\t\t\t<div class=\"elementor-spacer\">\n\t\t\t<div class=\"elementor-spacer-inner\"><\/div>\n\t\t<\/div>\n\t\t\t\t<\/div>\n\t\t\t\t<\/div>\n\t\t\t\t\t<\/div>\n\t\t<\/div>\n\t\t\t\t<div class=\"elementor-column elementor-col-50 elementor-top-column elementor-element elementor-element-43c3704\" data-id=\"43c3704\" data-element_type=\"column\">\n\t\t\t<div class=\"elementor-widget-wrap\">\n\t\t\t\t\t\t\t\t\t<\/div>\n\t\t<\/div>\n\t\t\t\t\t\t\t<\/div>\n\t\t<\/section>\n\t\t\t\t<section class=\"elementor-section elementor-top-section elementor-element elementor-element-623923d elementor-section-boxed elementor-section-height-default elementor-section-height-default\" data-id=\"623923d\" data-element_type=\"section\">\n\t\t\t\t\t\t<div class=\"elementor-container elementor-column-gap-default\">\n\t\t\t\t\t<div class=\"elementor-column elementor-col-50 elementor-top-column elementor-element elementor-element-b4261ec\" data-id=\"b4261ec\" data-element_type=\"column\">\n\t\t\t<div class=\"elementor-widget-wrap elementor-element-populated\">\n\t\t\t\t\t\t\t\t<div class=\"elementor-element elementor-element-34235dc elementor-widget elementor-widget-spacer\" data-id=\"34235dc\" data-element_type=\"widget\" data-widget_type=\"spacer.default\">\n\t\t\t\t<div class=\"elementor-widget-container\">\n\t\t\t\t\t<div class=\"elementor-spacer\">\n\t\t\t<div class=\"elementor-spacer-inner\"><\/div>\n\t\t<\/div>\n\t\t\t\t<\/div>\n\t\t\t\t<\/div>\n\t\t\t\t\t<\/div>\n\t\t<\/div>\n\t\t\t\t<div class=\"elementor-column elementor-col-50 elementor-top-column elementor-element elementor-element-a6855a4\" data-id=\"a6855a4\" data-element_type=\"column\">\n\t\t\t<div class=\"elementor-widget-wrap\">\n\t\t\t\t\t\t\t\t\t<\/div>\n\t\t<\/div>\n\t\t\t\t\t\t\t<\/div>\n\t\t<\/section>\n\t\t\t\t<section class=\"elementor-section elementor-top-section elementor-element elementor-element-98bf34a elementor-section-boxed elementor-section-height-default elementor-section-height-default\" data-id=\"98bf34a\" data-element_type=\"section\">\n\t\t\t\t\t\t<div class=\"elementor-container elementor-column-gap-default\">\n\t\t\t\t\t<div class=\"elementor-column elementor-col-50 elementor-top-column elementor-element elementor-element-159fd1c\" data-id=\"159fd1c\" data-element_type=\"column\">\n\t\t\t<div class=\"elementor-widget-wrap elementor-element-populated\">\n\t\t\t\t\t\t\t\t<div class=\"elementor-element elementor-element-5eb231a elementor-widget elementor-widget-spacer\" data-id=\"5eb231a\" data-element_type=\"widget\" data-widget_type=\"spacer.default\">\n\t\t\t\t<div class=\"elementor-widget-container\">\n\t\t\t\t\t<div class=\"elementor-spacer\">\n\t\t\t<div class=\"elementor-spacer-inner\"><\/div>\n\t\t<\/div>\n\t\t\t\t<\/div>\n\t\t\t\t<\/div>\n\t\t\t\t\t<\/div>\n\t\t<\/div>\n\t\t\t\t<div class=\"elementor-column elementor-col-50 elementor-top-column elementor-element elementor-element-7d6dbc6\" data-id=\"7d6dbc6\" data-element_type=\"column\">\n\t\t\t<div class=\"elementor-widget-wrap\">\n\t\t\t\t\t\t\t\t\t<\/div>\n\t\t<\/div>\n\t\t\t\t\t\t\t<\/div>\n\t\t<\/section>\n\t\t\t\t<section class=\"elementor-section elementor-top-section elementor-element elementor-element-34b09a7 elementor-section-boxed elementor-section-height-default elementor-section-height-default\" data-id=\"34b09a7\" data-element_type=\"section\">\n\t\t\t\t\t\t<div class=\"elementor-container elementor-column-gap-default\">\n\t\t\t\t\t<div class=\"elementor-column elementor-col-50 elementor-top-column elementor-element elementor-element-9610dda\" data-id=\"9610dda\" data-element_type=\"column\">\n\t\t\t<div class=\"elementor-widget-wrap elementor-element-populated\">\n\t\t\t\t\t\t\t\t<div class=\"elementor-element elementor-element-dde020f elementor-widget elementor-widget-spacer\" data-id=\"dde020f\" data-element_type=\"widget\" data-widget_type=\"spacer.default\">\n\t\t\t\t<div class=\"elementor-widget-container\">\n\t\t\t\t\t<div class=\"elementor-spacer\">\n\t\t\t<div class=\"elementor-spacer-inner\"><\/div>\n\t\t<\/div>\n\t\t\t\t<\/div>\n\t\t\t\t<\/div>\n\t\t\t\t\t<\/div>\n\t\t<\/div>\n\t\t\t\t<div class=\"elementor-column elementor-col-50 elementor-top-column elementor-element elementor-element-280e24c\" data-id=\"280e24c\" data-element_type=\"column\">\n\t\t\t<div class=\"elementor-widget-wrap\">\n\t\t\t\t\t\t\t\t\t<\/div>\n\t\t<\/div>\n\t\t\t\t\t\t\t<\/div>\n\t\t<\/section>\n\t\t\t\t<section class=\"elementor-section elementor-top-section elementor-element elementor-element-d6b26f5 elementor-section-boxed elementor-section-height-default elementor-section-height-default\" data-id=\"d6b26f5\" data-element_type=\"section\">\n\t\t\t\t\t\t<div class=\"elementor-container elementor-column-gap-default\">\n\t\t\t\t\t<div class=\"elementor-column elementor-col-50 elementor-top-column elementor-element elementor-element-7f664df\" data-id=\"7f664df\" data-element_type=\"column\">\n\t\t\t<div class=\"elementor-widget-wrap elementor-element-populated\">\n\t\t\t\t\t\t\t\t<div class=\"elementor-element elementor-element-1d017f6 elementor-widget elementor-widget-spacer\" data-id=\"1d017f6\" data-element_type=\"widget\" data-widget_type=\"spacer.default\">\n\t\t\t\t<div class=\"elementor-widget-container\">\n\t\t\t\t\t<div class=\"elementor-spacer\">\n\t\t\t<div class=\"elementor-spacer-inner\"><\/div>\n\t\t<\/div>\n\t\t\t\t<\/div>\n\t\t\t\t<\/div>\n\t\t\t\t\t<\/div>\n\t\t<\/div>\n\t\t\t\t<div class=\"elementor-column elementor-col-50 elementor-top-column elementor-element elementor-element-4660ee4\" data-id=\"4660ee4\" data-element_type=\"column\">\n\t\t\t<div class=\"elementor-widget-wrap\">\n\t\t\t\t\t\t\t\t\t<\/div>\n\t\t<\/div>\n\t\t\t\t\t\t\t<\/div>\n\t\t<\/section>\n\t\t\t\t<section class=\"elementor-section elementor-top-section elementor-element elementor-element-a04410d elementor-section-boxed elementor-section-height-default elementor-section-height-default\" data-id=\"a04410d\" data-element_type=\"section\">\n\t\t\t\t\t\t<div class=\"elementor-container elementor-column-gap-default\">\n\t\t\t\t\t<div class=\"elementor-column elementor-col-50 elementor-top-column elementor-element elementor-element-97e2597\" data-id=\"97e2597\" data-element_type=\"column\">\n\t\t\t<div class=\"elementor-widget-wrap elementor-element-populated\">\n\t\t\t\t\t\t\t\t<div class=\"elementor-element elementor-element-23adc82 elementor-widget elementor-widget-spacer\" data-id=\"23adc82\" data-element_type=\"widget\" data-widget_type=\"spacer.default\">\n\t\t\t\t<div class=\"elementor-widget-container\">\n\t\t\t\t\t<div class=\"elementor-spacer\">\n\t\t\t<div class=\"elementor-spacer-inner\"><\/div>\n\t\t<\/div>\n\t\t\t\t<\/div>\n\t\t\t\t<\/div>\n\t\t\t\t\t<\/div>\n\t\t<\/div>\n\t\t\t\t<div class=\"elementor-column elementor-col-50 elementor-top-column elementor-element elementor-element-b947ce1\" data-id=\"b947ce1\" data-element_type=\"column\">\n\t\t\t<div class=\"elementor-widget-wrap\">\n\t\t\t\t\t\t\t\t\t<\/div>\n\t\t<\/div>\n\t\t\t\t\t\t\t<\/div>\n\t\t<\/section>\n\t\t\t\t\t\t\t<\/div>\n\t\t","protected":false},"excerpt":{"rendered":"<p>Distribution La Soci\u00e9t\u00e9 Fran\u00e7aise du Cin\u00e9ma adapte son mod\u00e8le de production et de sortie selon l\u2019\u00e9conomie de chaque projet. Compte tenu des \u00e9volutions du march\u00e9, par notre mod\u00e8le, nous cherchons \u00e0 offrir le maximum de souplesse \u00e0 tous nos partenaires (co-producteurs, festivals, distributeurs, exploitants, t\u00e9l\u00e9diffuseurs, plateformes et institutionnels). Pour toute demande d&rsquo;acquisition de droits, de [&hellip;]<\/p>\n","protected":false},"author":1,"featured_media":0,"parent":0,"menu_order":0,"comment_status":"closed","ping_status":"closed","template":"","meta":{"footnotes":""},"class_list":["post-1359","page","type-page","status-publish","hentry","entry"],"yoast_head":"<!-- This site is optimized with the Yoast SEO plugin v23.3 - https:\/\/yoast.com\/wordpress\/plugins\/seo\/ -->\n<title>Distribution - Soci\u00e9t\u00e9 Fran\u00e7aise du Cin\u00e9ma<\/title>\n<meta name=\"robots\" content=\"noindex, nofollow\" \/>\n<meta property=\"og:locale\" content=\"fr_FR\" \/>\n<meta property=\"og:type\" content=\"article\" \/>\n<meta property=\"og:title\" content=\"Distribution - Soci\u00e9t\u00e9 Fran\u00e7aise du Cin\u00e9ma\" \/>\n<meta property=\"og:description\" content=\"Distribution La Soci\u00e9t\u00e9 Fran\u00e7aise du Cin\u00e9ma adapte son mod\u00e8le de production et de sortie selon l\u2019\u00e9conomie de chaque projet. Compte tenu des \u00e9volutions du march\u00e9, par notre mod\u00e8le, nous cherchons \u00e0 offrir le maximum de souplesse \u00e0 tous nos partenaires (co-producteurs, festivals, distributeurs, exploitants, t\u00e9l\u00e9diffuseurs, plateformes et institutionnels). Pour toute demande d&rsquo;acquisition de droits, de [&hellip;]\" \/>\n<meta property=\"og:url\" content=\"https:\/\/www.sfdc.fr\/index.php\/distribution\/\" \/>\n<meta property=\"og:site_name\" content=\"Soci\u00e9t\u00e9 Fran\u00e7aise du Cin\u00e9ma\" \/>\n<meta property=\"article:modified_time\" content=\"2025-11-10T12:12:02+00:00\" \/>\n<meta property=\"og:image\" content=\"https:\/\/www.sfdc.fr\/wp-content\/uploads\/elementor\/thumbs\/Flag_of_the_United_Kingdom_3-5.svg-pnzzlkibfg3m3q7acom3bj9ainikitnnqldc6og7bc.png\" \/>\n<meta name=\"twitter:card\" content=\"summary_large_image\" \/>\n<meta name=\"twitter:label1\" content=\"Dur\u00e9e de lecture estim\u00e9e\" \/>\n\t<meta name=\"twitter:data1\" content=\"1 minute\" \/>\n<script type=\"application\/ld+json\" class=\"yoast-schema-graph\">{\"@context\":\"https:\/\/schema.org\",\"@graph\":[{\"@type\":\"WebPage\",\"@id\":\"https:\/\/www.sfdc.fr\/index.php\/distribution\/\",\"url\":\"https:\/\/www.sfdc.fr\/index.php\/distribution\/\",\"name\":\"Distribution - Soci\u00e9t\u00e9 Fran\u00e7aise du Cin\u00e9ma\",\"isPartOf\":{\"@id\":\"https:\/\/www.sfdc.fr\/#website\"},\"primaryImageOfPage\":{\"@id\":\"https:\/\/www.sfdc.fr\/index.php\/distribution\/#primaryimage\"},\"image\":{\"@id\":\"https:\/\/www.sfdc.fr\/index.php\/distribution\/#primaryimage\"},\"thumbnailUrl\":\"https:\/\/www.sfdc.fr\/wp-content\/uploads\/elementor\/thumbs\/Flag_of_the_United_Kingdom_3-5.svg-pnzzlkibfg3m3q7acom3bj9ainikitnnqldc6og7bc.png\",\"datePublished\":\"2022-09-08T19:28:40+00:00\",\"dateModified\":\"2025-11-10T12:12:02+00:00\",\"breadcrumb\":{\"@id\":\"https:\/\/www.sfdc.fr\/index.php\/distribution\/#breadcrumb\"},\"inLanguage\":\"fr-FR\",\"potentialAction\":[{\"@type\":\"ReadAction\",\"target\":[\"https:\/\/www.sfdc.fr\/index.php\/distribution\/\"]}]},{\"@type\":\"ImageObject\",\"inLanguage\":\"fr-FR\",\"@id\":\"https:\/\/www.sfdc.fr\/index.php\/distribution\/#primaryimage\",\"url\":\"https:\/\/www.sfdc.fr\/wp-content\/uploads\/elementor\/thumbs\/Flag_of_the_United_Kingdom_3-5.svg-pnzzlkibfg3m3q7acom3bj9ainikitnnqldc6og7bc.png\",\"contentUrl\":\"https:\/\/www.sfdc.fr\/wp-content\/uploads\/elementor\/thumbs\/Flag_of_the_United_Kingdom_3-5.svg-pnzzlkibfg3m3q7acom3bj9ainikitnnqldc6og7bc.png\"},{\"@type\":\"BreadcrumbList\",\"@id\":\"https:\/\/www.sfdc.fr\/index.php\/distribution\/#breadcrumb\",\"itemListElement\":[{\"@type\":\"ListItem\",\"position\":1,\"name\":\"Accueil\",\"item\":\"https:\/\/www.sfdc.fr\/\"},{\"@type\":\"ListItem\",\"position\":2,\"name\":\"Distribution\"}]},{\"@type\":\"WebSite\",\"@id\":\"https:\/\/www.sfdc.fr\/#website\",\"url\":\"https:\/\/www.sfdc.fr\/\",\"name\":\"Soci\u00e9t\u00e9 Fran\u00e7aise du Cin\u00e9ma\",\"description\":\"La Soci\u00e9t\u00e9 Fran\u00e7aise du Cin\u00e9ma est une soci\u00e9t\u00e9 de production cin\u00e9matographique ind\u00e9pendante qui produit des fictions, des films d&#039;animation et des documentaires.\",\"publisher\":{\"@id\":\"https:\/\/www.sfdc.fr\/#organization\"},\"potentialAction\":[{\"@type\":\"SearchAction\",\"target\":{\"@type\":\"EntryPoint\",\"urlTemplate\":\"https:\/\/www.sfdc.fr\/?s={search_term_string}\"},\"query-input\":\"required name=search_term_string\"}],\"inLanguage\":\"fr-FR\"},{\"@type\":\"Organization\",\"@id\":\"https:\/\/www.sfdc.fr\/#organization\",\"name\":\"Soci\u00e9t\u00e9 Fran\u00e7aise du Cin\u00e9ma\",\"url\":\"https:\/\/www.sfdc.fr\/\",\"logo\":{\"@type\":\"ImageObject\",\"inLanguage\":\"fr-FR\",\"@id\":\"https:\/\/www.sfdc.fr\/#\/schema\/logo\/image\/\",\"url\":\"https:\/\/www.sfdc.fr\/wp-content\/uploads\/2022\/04\/cropped-cropped-cropped-Logo-SFDC-3-1.png\",\"contentUrl\":\"https:\/\/www.sfdc.fr\/wp-content\/uploads\/2022\/04\/cropped-cropped-cropped-Logo-SFDC-3-1.png\",\"width\":512,\"height\":457,\"caption\":\"Soci\u00e9t\u00e9 Fran\u00e7aise du Cin\u00e9ma\"},\"image\":{\"@id\":\"https:\/\/www.sfdc.fr\/#\/schema\/logo\/image\/\"}}]}<\/script>\n<!-- \/ Yoast SEO plugin. -->","yoast_head_json":{"title":"Distribution - Soci\u00e9t\u00e9 Fran\u00e7aise du Cin\u00e9ma","robots":{"index":"noindex","follow":"nofollow"},"og_locale":"fr_FR","og_type":"article","og_title":"Distribution - Soci\u00e9t\u00e9 Fran\u00e7aise du Cin\u00e9ma","og_description":"Distribution La Soci\u00e9t\u00e9 Fran\u00e7aise du Cin\u00e9ma adapte son mod\u00e8le de production et de sortie selon l\u2019\u00e9conomie de chaque projet. Compte tenu des \u00e9volutions du march\u00e9, par notre mod\u00e8le, nous cherchons \u00e0 offrir le maximum de souplesse \u00e0 tous nos partenaires (co-producteurs, festivals, distributeurs, exploitants, t\u00e9l\u00e9diffuseurs, plateformes et institutionnels). Pour toute demande d&rsquo;acquisition de droits, de [&hellip;]","og_url":"https:\/\/www.sfdc.fr\/index.php\/distribution\/","og_site_name":"Soci\u00e9t\u00e9 Fran\u00e7aise du Cin\u00e9ma","article_modified_time":"2025-11-10T12:12:02+00:00","og_image":[{"url":"https:\/\/www.sfdc.fr\/wp-content\/uploads\/elementor\/thumbs\/Flag_of_the_United_Kingdom_3-5.svg-pnzzlkibfg3m3q7acom3bj9ainikitnnqldc6og7bc.png"}],"twitter_card":"summary_large_image","twitter_misc":{"Dur\u00e9e de lecture estim\u00e9e":"1 minute"},"schema":{"@context":"https:\/\/schema.org","@graph":[{"@type":"WebPage","@id":"https:\/\/www.sfdc.fr\/index.php\/distribution\/","url":"https:\/\/www.sfdc.fr\/index.php\/distribution\/","name":"Distribution - Soci\u00e9t\u00e9 Fran\u00e7aise du Cin\u00e9ma","isPartOf":{"@id":"https:\/\/www.sfdc.fr\/#website"},"primaryImageOfPage":{"@id":"https:\/\/www.sfdc.fr\/index.php\/distribution\/#primaryimage"},"image":{"@id":"https:\/\/www.sfdc.fr\/index.php\/distribution\/#primaryimage"},"thumbnailUrl":"https:\/\/www.sfdc.fr\/wp-content\/uploads\/elementor\/thumbs\/Flag_of_the_United_Kingdom_3-5.svg-pnzzlkibfg3m3q7acom3bj9ainikitnnqldc6og7bc.png","datePublished":"2022-09-08T19:28:40+00:00","dateModified":"2025-11-10T12:12:02+00:00","breadcrumb":{"@id":"https:\/\/www.sfdc.fr\/index.php\/distribution\/#breadcrumb"},"inLanguage":"fr-FR","potentialAction":[{"@type":"ReadAction","target":["https:\/\/www.sfdc.fr\/index.php\/distribution\/"]}]},{"@type":"ImageObject","inLanguage":"fr-FR","@id":"https:\/\/www.sfdc.fr\/index.php\/distribution\/#primaryimage","url":"https:\/\/www.sfdc.fr\/wp-content\/uploads\/elementor\/thumbs\/Flag_of_the_United_Kingdom_3-5.svg-pnzzlkibfg3m3q7acom3bj9ainikitnnqldc6og7bc.png","contentUrl":"https:\/\/www.sfdc.fr\/wp-content\/uploads\/elementor\/thumbs\/Flag_of_the_United_Kingdom_3-5.svg-pnzzlkibfg3m3q7acom3bj9ainikitnnqldc6og7bc.png"},{"@type":"BreadcrumbList","@id":"https:\/\/www.sfdc.fr\/index.php\/distribution\/#breadcrumb","itemListElement":[{"@type":"ListItem","position":1,"name":"Accueil","item":"https:\/\/www.sfdc.fr\/"},{"@type":"ListItem","position":2,"name":"Distribution"}]},{"@type":"WebSite","@id":"https:\/\/www.sfdc.fr\/#website","url":"https:\/\/www.sfdc.fr\/","name":"Soci\u00e9t\u00e9 Fran\u00e7aise du Cin\u00e9ma","description":"La Soci\u00e9t\u00e9 Fran\u00e7aise du Cin\u00e9ma est une soci\u00e9t\u00e9 de production cin\u00e9matographique ind\u00e9pendante qui produit des fictions, des films d&#039;animation et des documentaires.","publisher":{"@id":"https:\/\/www.sfdc.fr\/#organization"},"potentialAction":[{"@type":"SearchAction","target":{"@type":"EntryPoint","urlTemplate":"https:\/\/www.sfdc.fr\/?s={search_term_string}"},"query-input":"required name=search_term_string"}],"inLanguage":"fr-FR"},{"@type":"Organization","@id":"https:\/\/www.sfdc.fr\/#organization","name":"Soci\u00e9t\u00e9 Fran\u00e7aise du Cin\u00e9ma","url":"https:\/\/www.sfdc.fr\/","logo":{"@type":"ImageObject","inLanguage":"fr-FR","@id":"https:\/\/www.sfdc.fr\/#\/schema\/logo\/image\/","url":"https:\/\/www.sfdc.fr\/wp-content\/uploads\/2022\/04\/cropped-cropped-cropped-Logo-SFDC-3-1.png","contentUrl":"https:\/\/www.sfdc.fr\/wp-content\/uploads\/2022\/04\/cropped-cropped-cropped-Logo-SFDC-3-1.png","width":512,"height":457,"caption":"Soci\u00e9t\u00e9 Fran\u00e7aise du Cin\u00e9ma"},"image":{"@id":"https:\/\/www.sfdc.fr\/#\/schema\/logo\/image\/"}}]}},"_links":{"self":[{"href":"https:\/\/www.sfdc.fr\/index.php\/wp-json\/wp\/v2\/pages\/1359","targetHints":{"allow":["GET"]}}],"collection":[{"href":"https:\/\/www.sfdc.fr\/index.php\/wp-json\/wp\/v2\/pages"}],"about":[{"href":"https:\/\/www.sfdc.fr\/index.php\/wp-json\/wp\/v2\/types\/page"}],"author":[{"embeddable":true,"href":"https:\/\/www.sfdc.fr\/index.php\/wp-json\/wp\/v2\/users\/1"}],"replies":[{"embeddable":true,"href":"https:\/\/www.sfdc.fr\/index.php\/wp-json\/wp\/v2\/comments?post=1359"}],"version-history":[{"count":127,"href":"https:\/\/www.sfdc.fr\/index.php\/wp-json\/wp\/v2\/pages\/1359\/revisions"}],"predecessor-version":[{"id":3798,"href":"https:\/\/www.sfdc.fr\/index.php\/wp-json\/wp\/v2\/pages\/1359\/revisions\/3798"}],"wp:attachment":[{"href":"https:\/\/www.sfdc.fr\/index.php\/wp-json\/wp\/v2\/media?parent=1359"}],"curies":[{"name":"wp","href":"https:\/\/api.w.org\/{rel}","templated":true}]}}