{"id":1382,"date":"2022-09-08T22:21:48","date_gmt":"2022-09-08T20:21:48","guid":{"rendered":"https:\/\/www.sfdc.fr\/?page_id=1382"},"modified":"2025-11-10T17:02:48","modified_gmt":"2025-11-10T16:02:48","slug":"distribution-world-sales","status":"publish","type":"page","link":"https:\/\/www.sfdc.fr\/index.php\/distribution-world-sales\/","title":{"rendered":"Distribution &#038; World Sales"},"content":{"rendered":"\t\t<div data-elementor-type=\"wp-page\" data-elementor-id=\"1382\" class=\"elementor elementor-1382\">\n\t\t\t\t\t\t\t\t\t<section class=\"elementor-section elementor-top-section elementor-element elementor-element-b597227 elementor-section-boxed elementor-section-height-default elementor-section-height-default\" data-id=\"b597227\" data-element_type=\"section\">\n\t\t\t\t\t\t<div class=\"elementor-container elementor-column-gap-default\">\n\t\t\t\t\t<div class=\"elementor-column elementor-col-50 elementor-top-column elementor-element elementor-element-0f5f2ca\" data-id=\"0f5f2ca\" data-element_type=\"column\">\n\t\t\t<div class=\"elementor-widget-wrap elementor-element-populated\">\n\t\t\t\t\t\t\t\t<div class=\"elementor-element elementor-element-550f8bb elementor-widget elementor-widget-spacer\" data-id=\"550f8bb\" data-element_type=\"widget\" data-widget_type=\"spacer.default\">\n\t\t\t\t<div class=\"elementor-widget-container\">\n\t\t\t<style>\/*! elementor - v3.6.4 - 13-04-2022 *\/\n.e-container.e-container--row .elementor-spacer-inner{width:var(--spacer-size)}.e-container.e-container--column .elementor-spacer-inner,.elementor-column .elementor-spacer-inner{height:var(--spacer-size)}<\/style>\t\t<div class=\"elementor-spacer\">\n\t\t\t<div class=\"elementor-spacer-inner\"><\/div>\n\t\t<\/div>\n\t\t\t\t<\/div>\n\t\t\t\t<\/div>\n\t\t\t\t\t<\/div>\n\t\t<\/div>\n\t\t\t\t<div class=\"elementor-column elementor-col-50 elementor-top-column elementor-element elementor-element-e7ac9cb\" data-id=\"e7ac9cb\" data-element_type=\"column\">\n\t\t\t<div class=\"elementor-widget-wrap\">\n\t\t\t\t\t\t\t\t\t<\/div>\n\t\t<\/div>\n\t\t\t\t\t\t\t<\/div>\n\t\t<\/section>\n\t\t\t\t<section class=\"elementor-section elementor-top-section elementor-element elementor-element-4793f6f elementor-section-boxed elementor-section-height-default elementor-section-height-default\" data-id=\"4793f6f\" data-element_type=\"section\">\n\t\t\t\t\t\t<div class=\"elementor-container elementor-column-gap-default\">\n\t\t\t\t\t<div class=\"elementor-column elementor-col-50 elementor-top-column elementor-element elementor-element-0f423e3\" data-id=\"0f423e3\" data-element_type=\"column\">\n\t\t\t<div class=\"elementor-widget-wrap elementor-element-populated\">\n\t\t\t\t\t\t\t\t<div class=\"elementor-element elementor-element-27ee42e elementor-widget elementor-widget-heading\" data-id=\"27ee42e\" data-element_type=\"widget\" data-widget_type=\"heading.default\">\n\t\t\t\t<div class=\"elementor-widget-container\">\n\t\t\t<style>\/*! elementor - v3.6.4 - 13-04-2022 *\/\n.elementor-heading-title{padding:0;margin:0;line-height:1}.elementor-widget-heading .elementor-heading-title[class*=elementor-size-]>a{color:inherit;font-size:inherit;line-height:inherit}.elementor-widget-heading .elementor-heading-title.elementor-size-small{font-size:15px}.elementor-widget-heading .elementor-heading-title.elementor-size-medium{font-size:19px}.elementor-widget-heading .elementor-heading-title.elementor-size-large{font-size:29px}.elementor-widget-heading .elementor-heading-title.elementor-size-xl{font-size:39px}.elementor-widget-heading .elementor-heading-title.elementor-size-xxl{font-size:59px}<\/style><h2 class=\"elementor-heading-title elementor-size-default\">Distribution and World Sales<\/h2>\t\t<\/div>\n\t\t\t\t<\/div>\n\t\t\t\t\t<\/div>\n\t\t<\/div>\n\t\t\t\t<div class=\"elementor-column elementor-col-50 elementor-top-column elementor-element elementor-element-366cdcf\" data-id=\"366cdcf\" data-element_type=\"column\">\n\t\t\t<div class=\"elementor-widget-wrap elementor-element-populated\">\n\t\t\t\t\t\t\t\t<div class=\"elementor-element elementor-element-e2c4804 elementor-widget elementor-widget-image\" data-id=\"e2c4804\" data-element_type=\"widget\" data-widget_type=\"image.default\">\n\t\t\t\t<div class=\"elementor-widget-container\">\n\t\t\t<style>\/*! elementor - v3.6.4 - 13-04-2022 *\/\n.elementor-widget-image{text-align:center}.elementor-widget-image a{display:inline-block}.elementor-widget-image a img[src$=\".svg\"]{width:48px}.elementor-widget-image img{vertical-align:middle;display:inline-block}<\/style>\t\t\t\t\t\t\t\t\t\t\t\t\t<a href=\"https:\/\/www.sfdc.fr\/index.php\/distribution\/\">\n\t\t\t\t\t\t\t<img decoding=\"async\" src=\"https:\/\/www.sfdc.fr\/wp-content\/uploads\/elementor\/thumbs\/drapeau-francais-poaclxnx6kiqcqr34o2fwfm2wat84qc4ytxrlg2u4o.png\" title=\"drapeau francais\" alt=\"drapeau francais\" \/>\t\t\t\t\t\t\t\t<\/a>\n\t\t\t\t\t\t\t\t\t\t\t\t\t\t\t<\/div>\n\t\t\t\t<\/div>\n\t\t\t\t\t<\/div>\n\t\t<\/div>\n\t\t\t\t\t\t\t<\/div>\n\t\t<\/section>\n\t\t\t\t<section class=\"elementor-section elementor-top-section elementor-element elementor-element-725f4f1 elementor-section-boxed elementor-section-height-default elementor-section-height-default\" data-id=\"725f4f1\" data-element_type=\"section\">\n\t\t\t\t\t\t<div class=\"elementor-container elementor-column-gap-default\">\n\t\t\t\t\t<div class=\"elementor-column elementor-col-100 elementor-top-column elementor-element elementor-element-e0485dd\" data-id=\"e0485dd\" data-element_type=\"column\">\n\t\t\t<div class=\"elementor-widget-wrap elementor-element-populated\">\n\t\t\t\t\t\t\t\t<div class=\"elementor-element elementor-element-0519d86 elementor-widget elementor-widget-text-editor\" data-id=\"0519d86\" data-element_type=\"widget\" data-widget_type=\"text-editor.default\">\n\t\t\t\t<div class=\"elementor-widget-container\">\n\t\t\t<style>\/*! elementor - v3.6.4 - 13-04-2022 *\/\n.elementor-widget-text-editor.elementor-drop-cap-view-stacked .elementor-drop-cap{background-color:#818a91;color:#fff}.elementor-widget-text-editor.elementor-drop-cap-view-framed .elementor-drop-cap{color:#818a91;border:3px solid;background-color:transparent}.elementor-widget-text-editor:not(.elementor-drop-cap-view-default) .elementor-drop-cap{margin-top:8px}.elementor-widget-text-editor:not(.elementor-drop-cap-view-default) .elementor-drop-cap-letter{width:1em;height:1em}.elementor-widget-text-editor .elementor-drop-cap{float:left;text-align:center;line-height:1;font-size:50px}.elementor-widget-text-editor .elementor-drop-cap-letter{display:inline-block}<\/style>\t\t\t\t<p>The Soci\u00e9t\u00e9 Fran\u00e7aise du Cin\u00e9ma adapts its production and release model according to the economics of each project. Given the changes in the market, our model seeks to offer maximum flexibility to all our partners (co-producers, festivals, exhibitors, film distributors, broadcasters, platforms and institutions). For any request for rights acquisition, pre-purchase or partnership, we invite you to contact us.<\/p><p><span style=\"font-family: Roboto, sans-serif; font-size: 14px; font-style: normal; font-variant-ligatures: normal; font-variant-caps: normal; font-weight: 400;\">En France, nos films sont distribu\u00e9s en salle par notre label interne : Astrena Distribution.\u00a0<\/span><\/p><p><span style=\"font-size: 14px;\">Soci\u00e9t\u00e9 Fran\u00e7aise du Cin\u00e9ma is registered with the Conseil National du Cin\u00e9ma et de l&rsquo;image anim\u00e9e in the production and distribution support department for the following activities:\u00a0<\/span><\/p><p>-Feature film producer: N\u00b011226<br \/><span style=\"font-size: 14px;\">-Short film producer: N\u00b015716<br \/><\/span><span style=\"font-size: 14px;\">-Film distributor: N\u00b05963<br \/><\/span><span style=\"font-size: 14px;\">-Film import\/export: N\u00b08375<\/span><\/p>\t\t\t\t\t\t<\/div>\n\t\t\t\t<\/div>\n\t\t\t\t\t<\/div>\n\t\t<\/div>\n\t\t\t\t\t\t\t<\/div>\n\t\t<\/section>\n\t\t\t\t<section class=\"elementor-section elementor-top-section elementor-element elementor-element-704367a elementor-section-boxed elementor-section-height-default elementor-section-height-default\" data-id=\"704367a\" data-element_type=\"section\">\n\t\t\t\t\t\t<div class=\"elementor-container elementor-column-gap-default\">\n\t\t\t\t\t<div class=\"elementor-column elementor-col-50 elementor-top-column elementor-element elementor-element-57e582f\" data-id=\"57e582f\" data-element_type=\"column\">\n\t\t\t<div class=\"elementor-widget-wrap elementor-element-populated\">\n\t\t\t\t\t\t\t\t<div class=\"elementor-element elementor-element-04f46f1 elementor-widget elementor-widget-spacer\" data-id=\"04f46f1\" data-element_type=\"widget\" data-widget_type=\"spacer.default\">\n\t\t\t\t<div class=\"elementor-widget-container\">\n\t\t\t\t\t<div class=\"elementor-spacer\">\n\t\t\t<div class=\"elementor-spacer-inner\"><\/div>\n\t\t<\/div>\n\t\t\t\t<\/div>\n\t\t\t\t<\/div>\n\t\t\t\t\t<\/div>\n\t\t<\/div>\n\t\t\t\t<div class=\"elementor-column elementor-col-50 elementor-top-column elementor-element elementor-element-1c37047\" data-id=\"1c37047\" data-element_type=\"column\">\n\t\t\t<div class=\"elementor-widget-wrap\">\n\t\t\t\t\t\t\t\t\t<\/div>\n\t\t<\/div>\n\t\t\t\t\t\t\t<\/div>\n\t\t<\/section>\n\t\t\t\t<section class=\"elementor-section elementor-top-section elementor-element elementor-element-71e1102 elementor-section-boxed elementor-section-height-default elementor-section-height-default\" data-id=\"71e1102\" data-element_type=\"section\">\n\t\t\t\t\t\t<div class=\"elementor-container elementor-column-gap-default\">\n\t\t\t\t\t<div class=\"elementor-column elementor-col-50 elementor-top-column elementor-element elementor-element-6dbb310\" data-id=\"6dbb310\" data-element_type=\"column\">\n\t\t\t<div class=\"elementor-widget-wrap elementor-element-populated\">\n\t\t\t\t\t\t\t\t<div class=\"elementor-element elementor-element-894c352 elementor-widget elementor-widget-spacer\" data-id=\"894c352\" data-element_type=\"widget\" data-widget_type=\"spacer.default\">\n\t\t\t\t<div class=\"elementor-widget-container\">\n\t\t\t\t\t<div class=\"elementor-spacer\">\n\t\t\t<div class=\"elementor-spacer-inner\"><\/div>\n\t\t<\/div>\n\t\t\t\t<\/div>\n\t\t\t\t<\/div>\n\t\t\t\t\t<\/div>\n\t\t<\/div>\n\t\t\t\t<div class=\"elementor-column elementor-col-50 elementor-top-column elementor-element elementor-element-536e076\" data-id=\"536e076\" data-element_type=\"column\">\n\t\t\t<div class=\"elementor-widget-wrap\">\n\t\t\t\t\t\t\t\t\t<\/div>\n\t\t<\/div>\n\t\t\t\t\t\t\t<\/div>\n\t\t<\/section>\n\t\t\t\t<section class=\"elementor-section elementor-top-section elementor-element elementor-element-8fd5e7e elementor-section-boxed elementor-section-height-default elementor-section-height-default\" data-id=\"8fd5e7e\" data-element_type=\"section\">\n\t\t\t\t\t\t<div class=\"elementor-container elementor-column-gap-default\">\n\t\t\t\t\t<div class=\"elementor-column elementor-col-50 elementor-top-column elementor-element elementor-element-9e7eecd\" data-id=\"9e7eecd\" data-element_type=\"column\">\n\t\t\t<div class=\"elementor-widget-wrap elementor-element-populated\">\n\t\t\t\t\t\t\t\t<div class=\"elementor-element elementor-element-28343c7 elementor-widget elementor-widget-spacer\" data-id=\"28343c7\" data-element_type=\"widget\" data-widget_type=\"spacer.default\">\n\t\t\t\t<div class=\"elementor-widget-container\">\n\t\t\t\t\t<div class=\"elementor-spacer\">\n\t\t\t<div class=\"elementor-spacer-inner\"><\/div>\n\t\t<\/div>\n\t\t\t\t<\/div>\n\t\t\t\t<\/div>\n\t\t\t\t\t<\/div>\n\t\t<\/div>\n\t\t\t\t<div class=\"elementor-column elementor-col-50 elementor-top-column elementor-element elementor-element-feed4e9\" data-id=\"feed4e9\" data-element_type=\"column\">\n\t\t\t<div class=\"elementor-widget-wrap\">\n\t\t\t\t\t\t\t\t\t<\/div>\n\t\t<\/div>\n\t\t\t\t\t\t\t<\/div>\n\t\t<\/section>\n\t\t\t\t<section class=\"elementor-section elementor-top-section elementor-element elementor-element-071ab3b elementor-section-boxed elementor-section-height-default elementor-section-height-default\" data-id=\"071ab3b\" data-element_type=\"section\">\n\t\t\t\t\t\t<div class=\"elementor-container elementor-column-gap-default\">\n\t\t\t\t\t<div class=\"elementor-column elementor-col-50 elementor-top-column elementor-element elementor-element-3e6ebac\" data-id=\"3e6ebac\" data-element_type=\"column\">\n\t\t\t<div class=\"elementor-widget-wrap elementor-element-populated\">\n\t\t\t\t\t\t\t\t<div class=\"elementor-element elementor-element-715b1a9 elementor-widget elementor-widget-spacer\" data-id=\"715b1a9\" data-element_type=\"widget\" data-widget_type=\"spacer.default\">\n\t\t\t\t<div class=\"elementor-widget-container\">\n\t\t\t\t\t<div class=\"elementor-spacer\">\n\t\t\t<div class=\"elementor-spacer-inner\"><\/div>\n\t\t<\/div>\n\t\t\t\t<\/div>\n\t\t\t\t<\/div>\n\t\t\t\t\t<\/div>\n\t\t<\/div>\n\t\t\t\t<div class=\"elementor-column elementor-col-50 elementor-top-column elementor-element elementor-element-01583a9\" data-id=\"01583a9\" data-element_type=\"column\">\n\t\t\t<div class=\"elementor-widget-wrap\">\n\t\t\t\t\t\t\t\t\t<\/div>\n\t\t<\/div>\n\t\t\t\t\t\t\t<\/div>\n\t\t<\/section>\n\t\t\t\t<section class=\"elementor-section elementor-top-section elementor-element elementor-element-40e002a elementor-section-boxed elementor-section-height-default elementor-section-height-default\" data-id=\"40e002a\" data-element_type=\"section\">\n\t\t\t\t\t\t<div class=\"elementor-container elementor-column-gap-default\">\n\t\t\t\t\t<div class=\"elementor-column elementor-col-50 elementor-top-column elementor-element elementor-element-8661ac9\" data-id=\"8661ac9\" data-element_type=\"column\">\n\t\t\t<div class=\"elementor-widget-wrap elementor-element-populated\">\n\t\t\t\t\t\t\t\t<div class=\"elementor-element elementor-element-83764c8 elementor-widget elementor-widget-spacer\" data-id=\"83764c8\" data-element_type=\"widget\" data-widget_type=\"spacer.default\">\n\t\t\t\t<div class=\"elementor-widget-container\">\n\t\t\t\t\t<div class=\"elementor-spacer\">\n\t\t\t<div class=\"elementor-spacer-inner\"><\/div>\n\t\t<\/div>\n\t\t\t\t<\/div>\n\t\t\t\t<\/div>\n\t\t\t\t\t<\/div>\n\t\t<\/div>\n\t\t\t\t<div class=\"elementor-column elementor-col-50 elementor-top-column elementor-element elementor-element-86c3930\" data-id=\"86c3930\" data-element_type=\"column\">\n\t\t\t<div class=\"elementor-widget-wrap\">\n\t\t\t\t\t\t\t\t\t<\/div>\n\t\t<\/div>\n\t\t\t\t\t\t\t<\/div>\n\t\t<\/section>\n\t\t\t\t<section class=\"elementor-section elementor-top-section elementor-element elementor-element-d6e18dc elementor-section-boxed elementor-section-height-default elementor-section-height-default\" data-id=\"d6e18dc\" data-element_type=\"section\">\n\t\t\t\t\t\t<div class=\"elementor-container elementor-column-gap-default\">\n\t\t\t\t\t<div class=\"elementor-column elementor-col-50 elementor-top-column elementor-element elementor-element-d2487e5\" data-id=\"d2487e5\" data-element_type=\"column\">\n\t\t\t<div class=\"elementor-widget-wrap elementor-element-populated\">\n\t\t\t\t\t\t\t\t<div class=\"elementor-element elementor-element-d0a6eb4 elementor-widget elementor-widget-spacer\" data-id=\"d0a6eb4\" data-element_type=\"widget\" data-widget_type=\"spacer.default\">\n\t\t\t\t<div class=\"elementor-widget-container\">\n\t\t\t\t\t<div class=\"elementor-spacer\">\n\t\t\t<div class=\"elementor-spacer-inner\"><\/div>\n\t\t<\/div>\n\t\t\t\t<\/div>\n\t\t\t\t<\/div>\n\t\t\t\t\t<\/div>\n\t\t<\/div>\n\t\t\t\t<div class=\"elementor-column elementor-col-50 elementor-top-column elementor-element elementor-element-30679e6\" data-id=\"30679e6\" data-element_type=\"column\">\n\t\t\t<div class=\"elementor-widget-wrap\">\n\t\t\t\t\t\t\t\t\t<\/div>\n\t\t<\/div>\n\t\t\t\t\t\t\t<\/div>\n\t\t<\/section>\n\t\t\t\t\t\t\t<\/div>\n\t\t","protected":false},"excerpt":{"rendered":"<p>Distribution and World Sales The Soci\u00e9t\u00e9 Fran\u00e7aise du Cin\u00e9ma adapts its production and release model according to the economics of each project. Given the changes in the market, our model seeks to offer maximum flexibility to all our partners (co-producers, festivals, exhibitors, film distributors, broadcasters, platforms and institutions). For any request for rights acquisition, pre-purchase [&hellip;]<\/p>\n","protected":false},"author":1,"featured_media":0,"parent":0,"menu_order":0,"comment_status":"closed","ping_status":"closed","template":"","meta":{"footnotes":""},"class_list":["post-1382","page","type-page","status-publish","hentry","entry"],"yoast_head":"<!-- This site is optimized with the Yoast SEO plugin v23.3 - https:\/\/yoast.com\/wordpress\/plugins\/seo\/ -->\n<title>Distribution &amp; World Sales - Soci\u00e9t\u00e9 Fran\u00e7aise du Cin\u00e9ma<\/title>\n<meta name=\"robots\" content=\"noindex, nofollow\" \/>\n<meta property=\"og:locale\" content=\"fr_FR\" \/>\n<meta property=\"og:type\" content=\"article\" \/>\n<meta property=\"og:title\" content=\"Distribution &amp; World Sales - Soci\u00e9t\u00e9 Fran\u00e7aise du Cin\u00e9ma\" \/>\n<meta property=\"og:description\" content=\"Distribution and World Sales The Soci\u00e9t\u00e9 Fran\u00e7aise du Cin\u00e9ma adapts its production and release model according to the economics of each project. Given the changes in the market, our model seeks to offer maximum flexibility to all our partners (co-producers, festivals, exhibitors, film distributors, broadcasters, platforms and institutions). For any request for rights acquisition, pre-purchase [&hellip;]\" \/>\n<meta property=\"og:url\" content=\"https:\/\/www.sfdc.fr\/index.php\/distribution-world-sales\/\" \/>\n<meta property=\"og:site_name\" content=\"Soci\u00e9t\u00e9 Fran\u00e7aise du Cin\u00e9ma\" \/>\n<meta property=\"article:modified_time\" content=\"2025-11-10T16:02:48+00:00\" \/>\n<meta property=\"og:image\" content=\"https:\/\/www.sfdc.fr\/wp-content\/uploads\/elementor\/thumbs\/drapeau-francais-poaclxnx6kiqcqr34o2fwfm2wat84qc4ytxrlg2u4o.png\" \/>\n<meta name=\"twitter:card\" content=\"summary_large_image\" \/>\n<meta name=\"twitter:label1\" content=\"Dur\u00e9e de lecture estim\u00e9e\" \/>\n\t<meta name=\"twitter:data1\" content=\"1 minute\" \/>\n<script type=\"application\/ld+json\" class=\"yoast-schema-graph\">{\"@context\":\"https:\/\/schema.org\",\"@graph\":[{\"@type\":\"WebPage\",\"@id\":\"https:\/\/www.sfdc.fr\/index.php\/distribution-world-sales\/\",\"url\":\"https:\/\/www.sfdc.fr\/index.php\/distribution-world-sales\/\",\"name\":\"Distribution & World Sales - Soci\u00e9t\u00e9 Fran\u00e7aise du Cin\u00e9ma\",\"isPartOf\":{\"@id\":\"https:\/\/www.sfdc.fr\/#website\"},\"primaryImageOfPage\":{\"@id\":\"https:\/\/www.sfdc.fr\/index.php\/distribution-world-sales\/#primaryimage\"},\"image\":{\"@id\":\"https:\/\/www.sfdc.fr\/index.php\/distribution-world-sales\/#primaryimage\"},\"thumbnailUrl\":\"https:\/\/www.sfdc.fr\/wp-content\/uploads\/elementor\/thumbs\/drapeau-francais-poaclxnx6kiqcqr34o2fwfm2wat84qc4ytxrlg2u4o.png\",\"datePublished\":\"2022-09-08T20:21:48+00:00\",\"dateModified\":\"2025-11-10T16:02:48+00:00\",\"breadcrumb\":{\"@id\":\"https:\/\/www.sfdc.fr\/index.php\/distribution-world-sales\/#breadcrumb\"},\"inLanguage\":\"fr-FR\",\"potentialAction\":[{\"@type\":\"ReadAction\",\"target\":[\"https:\/\/www.sfdc.fr\/index.php\/distribution-world-sales\/\"]}]},{\"@type\":\"ImageObject\",\"inLanguage\":\"fr-FR\",\"@id\":\"https:\/\/www.sfdc.fr\/index.php\/distribution-world-sales\/#primaryimage\",\"url\":\"https:\/\/www.sfdc.fr\/wp-content\/uploads\/elementor\/thumbs\/drapeau-francais-poaclxnx6kiqcqr34o2fwfm2wat84qc4ytxrlg2u4o.png\",\"contentUrl\":\"https:\/\/www.sfdc.fr\/wp-content\/uploads\/elementor\/thumbs\/drapeau-francais-poaclxnx6kiqcqr34o2fwfm2wat84qc4ytxrlg2u4o.png\"},{\"@type\":\"BreadcrumbList\",\"@id\":\"https:\/\/www.sfdc.fr\/index.php\/distribution-world-sales\/#breadcrumb\",\"itemListElement\":[{\"@type\":\"ListItem\",\"position\":1,\"name\":\"Accueil\",\"item\":\"https:\/\/www.sfdc.fr\/\"},{\"@type\":\"ListItem\",\"position\":2,\"name\":\"Distribution &#038; World Sales\"}]},{\"@type\":\"WebSite\",\"@id\":\"https:\/\/www.sfdc.fr\/#website\",\"url\":\"https:\/\/www.sfdc.fr\/\",\"name\":\"Soci\u00e9t\u00e9 Fran\u00e7aise du Cin\u00e9ma\",\"description\":\"La Soci\u00e9t\u00e9 Fran\u00e7aise du Cin\u00e9ma est une soci\u00e9t\u00e9 de production cin\u00e9matographique ind\u00e9pendante qui produit des fictions, des films d&#039;animation et des documentaires.\",\"publisher\":{\"@id\":\"https:\/\/www.sfdc.fr\/#organization\"},\"potentialAction\":[{\"@type\":\"SearchAction\",\"target\":{\"@type\":\"EntryPoint\",\"urlTemplate\":\"https:\/\/www.sfdc.fr\/?s={search_term_string}\"},\"query-input\":\"required name=search_term_string\"}],\"inLanguage\":\"fr-FR\"},{\"@type\":\"Organization\",\"@id\":\"https:\/\/www.sfdc.fr\/#organization\",\"name\":\"Soci\u00e9t\u00e9 Fran\u00e7aise du Cin\u00e9ma\",\"url\":\"https:\/\/www.sfdc.fr\/\",\"logo\":{\"@type\":\"ImageObject\",\"inLanguage\":\"fr-FR\",\"@id\":\"https:\/\/www.sfdc.fr\/#\/schema\/logo\/image\/\",\"url\":\"https:\/\/www.sfdc.fr\/wp-content\/uploads\/2022\/04\/cropped-cropped-cropped-Logo-SFDC-3-1.png\",\"contentUrl\":\"https:\/\/www.sfdc.fr\/wp-content\/uploads\/2022\/04\/cropped-cropped-cropped-Logo-SFDC-3-1.png\",\"width\":512,\"height\":457,\"caption\":\"Soci\u00e9t\u00e9 Fran\u00e7aise du Cin\u00e9ma\"},\"image\":{\"@id\":\"https:\/\/www.sfdc.fr\/#\/schema\/logo\/image\/\"}}]}<\/script>\n<!-- \/ Yoast SEO plugin. -->","yoast_head_json":{"title":"Distribution & World Sales - Soci\u00e9t\u00e9 Fran\u00e7aise du Cin\u00e9ma","robots":{"index":"noindex","follow":"nofollow"},"og_locale":"fr_FR","og_type":"article","og_title":"Distribution & World Sales - Soci\u00e9t\u00e9 Fran\u00e7aise du Cin\u00e9ma","og_description":"Distribution and World Sales The Soci\u00e9t\u00e9 Fran\u00e7aise du Cin\u00e9ma adapts its production and release model according to the economics of each project. Given the changes in the market, our model seeks to offer maximum flexibility to all our partners (co-producers, festivals, exhibitors, film distributors, broadcasters, platforms and institutions). For any request for rights acquisition, pre-purchase [&hellip;]","og_url":"https:\/\/www.sfdc.fr\/index.php\/distribution-world-sales\/","og_site_name":"Soci\u00e9t\u00e9 Fran\u00e7aise du Cin\u00e9ma","article_modified_time":"2025-11-10T16:02:48+00:00","og_image":[{"url":"https:\/\/www.sfdc.fr\/wp-content\/uploads\/elementor\/thumbs\/drapeau-francais-poaclxnx6kiqcqr34o2fwfm2wat84qc4ytxrlg2u4o.png"}],"twitter_card":"summary_large_image","twitter_misc":{"Dur\u00e9e de lecture estim\u00e9e":"1 minute"},"schema":{"@context":"https:\/\/schema.org","@graph":[{"@type":"WebPage","@id":"https:\/\/www.sfdc.fr\/index.php\/distribution-world-sales\/","url":"https:\/\/www.sfdc.fr\/index.php\/distribution-world-sales\/","name":"Distribution & World Sales - Soci\u00e9t\u00e9 Fran\u00e7aise du Cin\u00e9ma","isPartOf":{"@id":"https:\/\/www.sfdc.fr\/#website"},"primaryImageOfPage":{"@id":"https:\/\/www.sfdc.fr\/index.php\/distribution-world-sales\/#primaryimage"},"image":{"@id":"https:\/\/www.sfdc.fr\/index.php\/distribution-world-sales\/#primaryimage"},"thumbnailUrl":"https:\/\/www.sfdc.fr\/wp-content\/uploads\/elementor\/thumbs\/drapeau-francais-poaclxnx6kiqcqr34o2fwfm2wat84qc4ytxrlg2u4o.png","datePublished":"2022-09-08T20:21:48+00:00","dateModified":"2025-11-10T16:02:48+00:00","breadcrumb":{"@id":"https:\/\/www.sfdc.fr\/index.php\/distribution-world-sales\/#breadcrumb"},"inLanguage":"fr-FR","potentialAction":[{"@type":"ReadAction","target":["https:\/\/www.sfdc.fr\/index.php\/distribution-world-sales\/"]}]},{"@type":"ImageObject","inLanguage":"fr-FR","@id":"https:\/\/www.sfdc.fr\/index.php\/distribution-world-sales\/#primaryimage","url":"https:\/\/www.sfdc.fr\/wp-content\/uploads\/elementor\/thumbs\/drapeau-francais-poaclxnx6kiqcqr34o2fwfm2wat84qc4ytxrlg2u4o.png","contentUrl":"https:\/\/www.sfdc.fr\/wp-content\/uploads\/elementor\/thumbs\/drapeau-francais-poaclxnx6kiqcqr34o2fwfm2wat84qc4ytxrlg2u4o.png"},{"@type":"BreadcrumbList","@id":"https:\/\/www.sfdc.fr\/index.php\/distribution-world-sales\/#breadcrumb","itemListElement":[{"@type":"ListItem","position":1,"name":"Accueil","item":"https:\/\/www.sfdc.fr\/"},{"@type":"ListItem","position":2,"name":"Distribution &#038; World Sales"}]},{"@type":"WebSite","@id":"https:\/\/www.sfdc.fr\/#website","url":"https:\/\/www.sfdc.fr\/","name":"Soci\u00e9t\u00e9 Fran\u00e7aise du Cin\u00e9ma","description":"La Soci\u00e9t\u00e9 Fran\u00e7aise du Cin\u00e9ma est une soci\u00e9t\u00e9 de production cin\u00e9matographique ind\u00e9pendante qui produit des fictions, des films d&#039;animation et des documentaires.","publisher":{"@id":"https:\/\/www.sfdc.fr\/#organization"},"potentialAction":[{"@type":"SearchAction","target":{"@type":"EntryPoint","urlTemplate":"https:\/\/www.sfdc.fr\/?s={search_term_string}"},"query-input":"required name=search_term_string"}],"inLanguage":"fr-FR"},{"@type":"Organization","@id":"https:\/\/www.sfdc.fr\/#organization","name":"Soci\u00e9t\u00e9 Fran\u00e7aise du Cin\u00e9ma","url":"https:\/\/www.sfdc.fr\/","logo":{"@type":"ImageObject","inLanguage":"fr-FR","@id":"https:\/\/www.sfdc.fr\/#\/schema\/logo\/image\/","url":"https:\/\/www.sfdc.fr\/wp-content\/uploads\/2022\/04\/cropped-cropped-cropped-Logo-SFDC-3-1.png","contentUrl":"https:\/\/www.sfdc.fr\/wp-content\/uploads\/2022\/04\/cropped-cropped-cropped-Logo-SFDC-3-1.png","width":512,"height":457,"caption":"Soci\u00e9t\u00e9 Fran\u00e7aise du Cin\u00e9ma"},"image":{"@id":"https:\/\/www.sfdc.fr\/#\/schema\/logo\/image\/"}}]}},"_links":{"self":[{"href":"https:\/\/www.sfdc.fr\/index.php\/wp-json\/wp\/v2\/pages\/1382","targetHints":{"allow":["GET"]}}],"collection":[{"href":"https:\/\/www.sfdc.fr\/index.php\/wp-json\/wp\/v2\/pages"}],"about":[{"href":"https:\/\/www.sfdc.fr\/index.php\/wp-json\/wp\/v2\/types\/page"}],"author":[{"embeddable":true,"href":"https:\/\/www.sfdc.fr\/index.php\/wp-json\/wp\/v2\/users\/1"}],"replies":[{"embeddable":true,"href":"https:\/\/www.sfdc.fr\/index.php\/wp-json\/wp\/v2\/comments?post=1382"}],"version-history":[{"count":66,"href":"https:\/\/www.sfdc.fr\/index.php\/wp-json\/wp\/v2\/pages\/1382\/revisions"}],"predecessor-version":[{"id":3838,"href":"https:\/\/www.sfdc.fr\/index.php\/wp-json\/wp\/v2\/pages\/1382\/revisions\/3838"}],"wp:attachment":[{"href":"https:\/\/www.sfdc.fr\/index.php\/wp-json\/wp\/v2\/media?parent=1382"}],"curies":[{"name":"wp","href":"https:\/\/api.w.org\/{rel}","templated":true}]}}