{"id":17,"date":"2022-04-21T11:21:10","date_gmt":"2022-04-21T09:21:10","guid":{"rendered":"http:\/\/www.sfdc.fr\/?page_id=17"},"modified":"2024-08-21T21:43:31","modified_gmt":"2024-08-21T19:43:31","slug":"contact","status":"publish","type":"page","link":"https:\/\/www.sfdc.fr\/index.php\/contact\/","title":{"rendered":"Contact"},"content":{"rendered":"\t\t<div data-elementor-type=\"wp-page\" data-elementor-id=\"17\" class=\"elementor elementor-17\">\n\t\t\t\t\t\t\t\t\t<section class=\"elementor-section elementor-top-section elementor-element elementor-element-03277eb elementor-section-boxed elementor-section-height-default elementor-section-height-default\" data-id=\"03277eb\" data-element_type=\"section\" data-settings=\"{&quot;background_background&quot;:&quot;classic&quot;}\">\n\t\t\t\t\t\t<div class=\"elementor-container elementor-column-gap-default\">\n\t\t\t\t\t<div class=\"elementor-column elementor-col-100 elementor-top-column elementor-element elementor-element-1787331\" data-id=\"1787331\" data-element_type=\"column\">\n\t\t\t<div class=\"elementor-widget-wrap elementor-element-populated\">\n\t\t\t\t\t\t\t\t<div class=\"elementor-element elementor-element-3b54b05 elementor-widget elementor-widget-spacer\" data-id=\"3b54b05\" data-element_type=\"widget\" data-widget_type=\"spacer.default\">\n\t\t\t\t<div class=\"elementor-widget-container\">\n\t\t\t<style>\/*! elementor - v3.6.4 - 13-04-2022 *\/\n.e-container.e-container--row .elementor-spacer-inner{width:var(--spacer-size)}.e-container.e-container--column .elementor-spacer-inner,.elementor-column .elementor-spacer-inner{height:var(--spacer-size)}<\/style>\t\t<div class=\"elementor-spacer\">\n\t\t\t<div class=\"elementor-spacer-inner\"><\/div>\n\t\t<\/div>\n\t\t\t\t<\/div>\n\t\t\t\t<\/div>\n\t\t\t\t\t<\/div>\n\t\t<\/div>\n\t\t\t\t\t\t\t<\/div>\n\t\t<\/section>\n\t\t\t\t<section class=\"elementor-section elementor-top-section elementor-element elementor-element-5178a32 elementor-section-boxed elementor-section-height-default elementor-section-height-default\" data-id=\"5178a32\" data-element_type=\"section\" data-settings=\"{&quot;background_background&quot;:&quot;classic&quot;}\">\n\t\t\t\t\t\t<div class=\"elementor-container elementor-column-gap-default\">\n\t\t\t\t\t<div class=\"elementor-column elementor-col-100 elementor-top-column elementor-element elementor-element-9dba43d\" data-id=\"9dba43d\" data-element_type=\"column\">\n\t\t\t<div class=\"elementor-widget-wrap elementor-element-populated\">\n\t\t\t\t\t\t\t\t<div class=\"elementor-element elementor-element-75a6831 elementor-widget elementor-widget-heading\" data-id=\"75a6831\" data-element_type=\"widget\" data-widget_type=\"heading.default\">\n\t\t\t\t<div class=\"elementor-widget-container\">\n\t\t\t<style>\/*! elementor - v3.6.4 - 13-04-2022 *\/\n.elementor-heading-title{padding:0;margin:0;line-height:1}.elementor-widget-heading .elementor-heading-title[class*=elementor-size-]>a{color:inherit;font-size:inherit;line-height:inherit}.elementor-widget-heading .elementor-heading-title.elementor-size-small{font-size:15px}.elementor-widget-heading .elementor-heading-title.elementor-size-medium{font-size:19px}.elementor-widget-heading .elementor-heading-title.elementor-size-large{font-size:29px}.elementor-widget-heading .elementor-heading-title.elementor-size-xl{font-size:39px}.elementor-widget-heading .elementor-heading-title.elementor-size-xxl{font-size:59px}<\/style><h2 class=\"elementor-heading-title elementor-size-default\">Contact<\/h2>\t\t<\/div>\n\t\t\t\t<\/div>\n\t\t\t\t\t<\/div>\n\t\t<\/div>\n\t\t\t\t\t\t\t<\/div>\n\t\t<\/section>\n\t\t\t\t<section class=\"elementor-section elementor-top-section elementor-element elementor-element-aac3179 elementor-section-boxed elementor-section-height-default elementor-section-height-default\" data-id=\"aac3179\" data-element_type=\"section\">\n\t\t\t\t\t\t<div class=\"elementor-container elementor-column-gap-default\">\n\t\t\t\t\t<div class=\"elementor-column elementor-col-100 elementor-top-column elementor-element elementor-element-b9fa2f1\" data-id=\"b9fa2f1\" data-element_type=\"column\">\n\t\t\t<div class=\"elementor-widget-wrap elementor-element-populated\">\n\t\t\t\t\t\t\t\t<div class=\"elementor-element elementor-element-f0b073c elementor-widget elementor-widget-text-editor\" data-id=\"f0b073c\" data-element_type=\"widget\" data-widget_type=\"text-editor.default\">\n\t\t\t\t<div class=\"elementor-widget-container\">\n\t\t\t<style>\/*! elementor - v3.6.4 - 13-04-2022 *\/\n.elementor-widget-text-editor.elementor-drop-cap-view-stacked .elementor-drop-cap{background-color:#818a91;color:#fff}.elementor-widget-text-editor.elementor-drop-cap-view-framed .elementor-drop-cap{color:#818a91;border:3px solid;background-color:transparent}.elementor-widget-text-editor:not(.elementor-drop-cap-view-default) .elementor-drop-cap{margin-top:8px}.elementor-widget-text-editor:not(.elementor-drop-cap-view-default) .elementor-drop-cap-letter{width:1em;height:1em}.elementor-widget-text-editor .elementor-drop-cap{float:left;text-align:center;line-height:1;font-size:50px}.elementor-widget-text-editor .elementor-drop-cap-letter{display:inline-block}<\/style>\t\t\t\t<p>Pour toute demande de renseignement concernant nos projets, nos productions ou nos films, nous vous remercions de prendre contact avec nous via notre formulaire. Nous nous engageons \u00e0 vous r\u00e9pondre dans les meilleurs d\u00e9lais.\u00a0<\/p>\t\t\t\t\t\t<\/div>\n\t\t\t\t<\/div>\n\t\t\t\t\t<\/div>\n\t\t<\/div>\n\t\t\t\t\t\t\t<\/div>\n\t\t<\/section>\n\t\t\t\t<section class=\"elementor-section elementor-top-section elementor-element elementor-element-7e3cdf8 elementor-section-boxed elementor-section-height-default elementor-section-height-default\" data-id=\"7e3cdf8\" data-element_type=\"section\">\n\t\t\t\t\t\t<div class=\"elementor-container elementor-column-gap-default\">\n\t\t\t\t\t<div class=\"elementor-column elementor-col-50 elementor-top-column elementor-element elementor-element-b26587c\" data-id=\"b26587c\" data-element_type=\"column\" data-settings=\"{&quot;background_background&quot;:&quot;classic&quot;}\">\n\t\t\t<div class=\"elementor-widget-wrap elementor-element-populated\">\n\t\t\t\t\t<div class=\"elementor-background-overlay\"><\/div>\n\t\t\t\t\t\t\t\t<div class=\"elementor-element elementor-element-4a3fe02 elementor-widget elementor-widget-shortcode\" data-id=\"4a3fe02\" data-element_type=\"widget\" data-widget_type=\"shortcode.default\">\n\t\t\t\t<div class=\"elementor-widget-container\">\n\t\t\t\t\t<div class=\"elementor-shortcode\"><div role=\"form\" class=\"wpcf7\" id=\"wpcf7-f669-o1\" lang=\"fr-FR\" dir=\"ltr\">\n<div class=\"screen-reader-response\"><p role=\"status\" aria-live=\"polite\" aria-atomic=\"true\"><\/p> <ul><\/ul><\/div>\n<form action=\"\/index.php\/wp-json\/wp\/v2\/pages\/17#wpcf7-f669-o1\" method=\"post\" class=\"wpcf7-form init\" novalidate=\"novalidate\" data-status=\"init\">\n<div style=\"display: none;\">\n<input type=\"hidden\" name=\"_wpcf7\" value=\"669\" \/>\n<input type=\"hidden\" name=\"_wpcf7_version\" value=\"5.5.6\" \/>\n<input type=\"hidden\" name=\"_wpcf7_locale\" value=\"fr_FR\" \/>\n<input type=\"hidden\" name=\"_wpcf7_unit_tag\" value=\"wpcf7-f669-o1\" \/>\n<input type=\"hidden\" name=\"_wpcf7_container_post\" value=\"0\" \/>\n<input type=\"hidden\" name=\"_wpcf7_posted_data_hash\" value=\"\" \/>\n<input type=\"hidden\" name=\"_wpcf7_recaptcha_response\" value=\"\" \/>\n<\/div>\n<p><label><FONT color=\"black\">Nom\/Name<br \/>\n    <span class=\"wpcf7-form-control-wrap your-name\"><input type=\"text\" name=\"your-name\" value=\"\" size=\"40\" class=\"wpcf7-form-control wpcf7-text wpcf7-validates-as-required\" aria-required=\"true\" aria-invalid=\"false\" \/><\/span> <\/label><\/p>\n<p><label><FONT color=\"black\">Email<br \/>\n    <span class=\"wpcf7-form-control-wrap your-email\"><input type=\"email\" name=\"your-email\" value=\"\" size=\"40\" class=\"wpcf7-form-control wpcf7-text wpcf7-email wpcf7-validates-as-required wpcf7-validates-as-email\" aria-required=\"true\" aria-invalid=\"false\" \/><\/span> <\/label><\/p>\n<p><label> <FONT color=\"black\">Objet\/Subject<br \/>\n    <span class=\"wpcf7-form-control-wrap your-subject\"><input type=\"text\" name=\"your-subject\" value=\"\" size=\"40\" class=\"wpcf7-form-control wpcf7-text wpcf7-validates-as-required\" aria-required=\"true\" aria-invalid=\"false\" \/><\/span> <\/label><\/p>\n<p><label> <FONT color=\"black\">Votre message\/Your message (facultatif)<br \/>\n    <span class=\"wpcf7-form-control-wrap your-message\"><textarea name=\"your-message\" cols=\"40\" rows=\"10\" class=\"wpcf7-form-control wpcf7-textarea\" aria-invalid=\"false\"><\/textarea><\/span> <\/label><\/p>\n<p><input type=\"submit\" value=\"Envoyer\" class=\"wpcf7-form-control has-spinner wpcf7-submit\" \/><\/p>\n<noscript>\n\t\t\t<div class=\"wpcf7-response-output wpcf7-spam-blocked\">Your browser does not support JavaScript!. Please enable javascript in your browser in order to get form work properly.<\/div>\n\t<\/noscript><script type='text\/javascript'>\n\n\t\t\t\t\t\tif(contactform === undefined){\n\t\t\t\t\t\t\tvar contactform = [];\n\t\t\t\t\t\t}\n\t\t\t\t\t\tvar innerVal = [669,'mail_sent_ok','Merci pour votre message. Thanks for your message.'];\n\t\t\t\t\t\tcontactform.push(innerVal);\n\t\t\t\t\t\tvar innerVal = [669,'mail_sent_ng','Une erreur s&rsquo;est produite lors de l&rsquo;envoi de votre message. Veuillez essayer &agrave; nouveau plus tard.'];\n\t\t\t\t\t\tcontactform.push(innerVal);\n\t\t\t\t\t\tvar innerVal = [669,'validation_error','Un ou plusieurs champs contiennent une erreur. Veuillez v&eacute;rifier et essayer &agrave; nouveau.'];\n\t\t\t\t\t\tcontactform.push(innerVal);\n\t\t\t\t\t\tvar innerVal = [669,'spam','Une erreur s&rsquo;est produite lors de l&rsquo;envoi de votre message. Veuillez essayer &agrave; nouveau plus tard.'];\n\t\t\t\t\t\tcontactform.push(innerVal);\n\t\t\t\t\t\tvar innerVal = [669,'accept_terms','Vous devez accepter les termes et conditions avant d&rsquo;envoyer votre message.'];\n\t\t\t\t\t\tcontactform.push(innerVal);\n\t\t\t\t\t\tvar innerVal = [669,'invalid_required','Ce champ est obligatoire.'];\n\t\t\t\t\t\tcontactform.push(innerVal);\n\t\t\t\t\t\tvar innerVal = [669,'invalid_too_long','Le champ est trop long.'];\n\t\t\t\t\t\tcontactform.push(innerVal);\n\t\t\t\t\t\tvar innerVal = [669,'invalid_too_short','Le champ est trop court.'];\n\t\t\t\t\t\tcontactform.push(innerVal);\n\t\t\t\t\t\tvar innerVal = [669,'upload_failed','Une erreur inconnue s&rsquo;est produite lors du t&eacute;l&eacute;versement du fichier.'];\n\t\t\t\t\t\tcontactform.push(innerVal);\n\t\t\t\t\t\tvar innerVal = [669,'upload_file_type_invalid','Vous n&rsquo;avez pas les droits n&eacute;cessaires pour t&eacute;l&eacute;verser ce type de fichier.'];\n\t\t\t\t\t\tcontactform.push(innerVal);\n\t\t\t\t\t\tvar innerVal = [669,'upload_file_too_large','Le fichier est trop volumineux.'];\n\t\t\t\t\t\tcontactform.push(innerVal);\n\t\t\t\t\t\tvar innerVal = [669,'upload_failed_php_error','Une erreur s&rsquo;est produite lors du t&eacute;l&eacute;versement du fichier.'];\n\t\t\t\t\t\tcontactform.push(innerVal);\n\t\t\t\t\t\tvar innerVal = [669,'invalid_date','Le format de date est incorrect.'];\n\t\t\t\t\t\tcontactform.push(innerVal);\n\t\t\t\t\t\tvar innerVal = [669,'date_too_early','La date pr&eacute;c&egrave;de la premi&egrave;re date autoris&eacute;e.'];\n\t\t\t\t\t\tcontactform.push(innerVal);\n\t\t\t\t\t\tvar innerVal = [669,'date_too_late','La date est post&eacute;rieure &agrave; la derni&egrave;re date autoris&eacute;e.'];\n\t\t\t\t\t\tcontactform.push(innerVal);\n\t\t\t\t\t\tvar innerVal = [669,'invalid_number','Le format du nombre est invalide.'];\n\t\t\t\t\t\tcontactform.push(innerVal);\n\t\t\t\t\t\tvar innerVal = [669,'number_too_small','Le nombre est plus petit que le minimum autoris&eacute;.'];\n\t\t\t\t\t\tcontactform.push(innerVal);\n\t\t\t\t\t\tvar innerVal = [669,'number_too_large','Le nombre est plus grand que le maximum autoris&eacute;.'];\n\t\t\t\t\t\tcontactform.push(innerVal);\n\t\t\t\t\t\tvar innerVal = [669,'quiz_answer_not_correct','La r&eacute;ponse &agrave; la question est incorrecte.'];\n\t\t\t\t\t\tcontactform.push(innerVal);\n\t\t\t\t\t\tvar innerVal = [669,'invalid_email','L&rsquo;adresse e-mail n&rsquo;est pas valide.'];\n\t\t\t\t\t\tcontactform.push(innerVal);\n\t\t\t\t\t\tvar innerVal = [669,'invalid_url','L&rsquo;URL n&rsquo;est pas valide.'];\n\t\t\t\t\t\tcontactform.push(innerVal);\n\t\t\t\t\t\tvar innerVal = [669,'invalid_tel','Le num&eacute;ro de t&eacute;l&eacute;phone n&rsquo;est pas valide.'];\n\t\t\t\t\t\tcontactform.push(innerVal);\n\t\t\t\t\t\tvar innerVal = [669,'gdpr',''];\n\t\t\t\t\t\tcontactform.push(innerVal);\n\t\t\t\t\t\t<\/script><div class=\"wpcf7-response-output\" aria-hidden=\"true\"><\/div><\/form><\/div><\/div>\n\t\t\t\t<\/div>\n\t\t\t\t<\/div>\n\t\t\t\t\t<\/div>\n\t\t<\/div>\n\t\t\t\t<div class=\"elementor-column elementor-col-50 elementor-top-column elementor-element elementor-element-e25d5c3\" data-id=\"e25d5c3\" data-element_type=\"column\">\n\t\t\t<div class=\"elementor-widget-wrap\">\n\t\t\t\t\t\t\t\t\t<\/div>\n\t\t<\/div>\n\t\t\t\t\t\t\t<\/div>\n\t\t<\/section>\n\t\t\t\t<section class=\"elementor-section elementor-top-section elementor-element elementor-element-77197df elementor-section-boxed elementor-section-height-default elementor-section-height-default\" data-id=\"77197df\" data-element_type=\"section\" data-settings=\"{&quot;background_background&quot;:&quot;classic&quot;}\">\n\t\t\t\t\t\t<div class=\"elementor-container elementor-column-gap-default\">\n\t\t\t\t\t<div class=\"elementor-column elementor-col-100 elementor-top-column elementor-element elementor-element-fa2302a\" data-id=\"fa2302a\" data-element_type=\"column\">\n\t\t\t<div class=\"elementor-widget-wrap elementor-element-populated\">\n\t\t\t\t\t\t\t\t<div class=\"elementor-element elementor-element-39e25d6 elementor-widget elementor-widget-spacer\" data-id=\"39e25d6\" data-element_type=\"widget\" data-widget_type=\"spacer.default\">\n\t\t\t\t<div class=\"elementor-widget-container\">\n\t\t\t\t\t<div class=\"elementor-spacer\">\n\t\t\t<div class=\"elementor-spacer-inner\"><\/div>\n\t\t<\/div>\n\t\t\t\t<\/div>\n\t\t\t\t<\/div>\n\t\t\t\t\t<\/div>\n\t\t<\/div>\n\t\t\t\t\t\t\t<\/div>\n\t\t<\/section>\n\t\t\t\t<section class=\"elementor-section elementor-top-section elementor-element elementor-element-0e24b05 elementor-section-boxed elementor-section-height-default elementor-section-height-default\" data-id=\"0e24b05\" data-element_type=\"section\" data-settings=\"{&quot;background_background&quot;:&quot;classic&quot;}\">\n\t\t\t\t\t\t<div class=\"elementor-container elementor-column-gap-default\">\n\t\t\t\t\t<div class=\"elementor-column elementor-col-100 elementor-top-column elementor-element elementor-element-c2f309f\" data-id=\"c2f309f\" data-element_type=\"column\">\n\t\t\t<div class=\"elementor-widget-wrap elementor-element-populated\">\n\t\t\t\t\t\t\t\t<div class=\"elementor-element elementor-element-87821a6 elementor-widget elementor-widget-spacer\" data-id=\"87821a6\" data-element_type=\"widget\" data-widget_type=\"spacer.default\">\n\t\t\t\t<div class=\"elementor-widget-container\">\n\t\t\t\t\t<div class=\"elementor-spacer\">\n\t\t\t<div class=\"elementor-spacer-inner\"><\/div>\n\t\t<\/div>\n\t\t\t\t<\/div>\n\t\t\t\t<\/div>\n\t\t\t\t\t<\/div>\n\t\t<\/div>\n\t\t\t\t\t\t\t<\/div>\n\t\t<\/section>\n\t\t\t\t\t\t\t<\/div>\n\t\t","protected":false},"excerpt":{"rendered":"<p>Contact Pour toute demande de renseignement concernant nos projets, nos productions ou nos films, nous vous remercions de prendre contact avec nous via notre formulaire. Nous nous engageons \u00e0 vous r\u00e9pondre dans les meilleurs d\u00e9lais.&nbsp;<\/p>\n","protected":false},"author":2,"featured_media":0,"parent":0,"menu_order":0,"comment_status":"closed","ping_status":"closed","template":"elementor_header_footer","meta":{"footnotes":""},"class_list":["post-17","page","type-page","status-publish","hentry","entry"],"yoast_head":"<!-- This site is optimized with the Yoast SEO plugin v23.3 - https:\/\/yoast.com\/wordpress\/plugins\/seo\/ -->\n<title>Contact - Soci\u00e9t\u00e9 Fran\u00e7aise du Cin\u00e9ma<\/title>\n<meta name=\"robots\" content=\"noindex, nofollow\" \/>\n<meta property=\"og:locale\" content=\"fr_FR\" \/>\n<meta property=\"og:type\" content=\"article\" \/>\n<meta property=\"og:title\" content=\"Contact - Soci\u00e9t\u00e9 Fran\u00e7aise du Cin\u00e9ma\" \/>\n<meta property=\"og:description\" content=\"Contact Pour toute demande de renseignement concernant nos projets, nos productions ou nos films, nous vous remercions de prendre contact avec nous via notre formulaire. Nous nous engageons \u00e0 vous r\u00e9pondre dans les meilleurs d\u00e9lais.&nbsp;\" \/>\n<meta property=\"og:url\" content=\"https:\/\/www.sfdc.fr\/index.php\/contact\/\" \/>\n<meta property=\"og:site_name\" content=\"Soci\u00e9t\u00e9 Fran\u00e7aise du Cin\u00e9ma\" \/>\n<meta property=\"article:modified_time\" content=\"2024-08-21T19:43:31+00:00\" \/>\n<meta name=\"twitter:card\" content=\"summary_large_image\" \/>\n<meta name=\"twitter:label1\" content=\"Dur\u00e9e de lecture estim\u00e9e\" \/>\n\t<meta name=\"twitter:data1\" content=\"1 minute\" \/>\n<script type=\"application\/ld+json\" class=\"yoast-schema-graph\">{\"@context\":\"https:\/\/schema.org\",\"@graph\":[{\"@type\":\"WebPage\",\"@id\":\"https:\/\/www.sfdc.fr\/index.php\/contact\/\",\"url\":\"https:\/\/www.sfdc.fr\/index.php\/contact\/\",\"name\":\"Contact - Soci\u00e9t\u00e9 Fran\u00e7aise du Cin\u00e9ma\",\"isPartOf\":{\"@id\":\"https:\/\/www.sfdc.fr\/#website\"},\"datePublished\":\"2022-04-21T09:21:10+00:00\",\"dateModified\":\"2024-08-21T19:43:31+00:00\",\"breadcrumb\":{\"@id\":\"https:\/\/www.sfdc.fr\/index.php\/contact\/#breadcrumb\"},\"inLanguage\":\"fr-FR\",\"potentialAction\":[{\"@type\":\"ReadAction\",\"target\":[\"https:\/\/www.sfdc.fr\/index.php\/contact\/\"]}]},{\"@type\":\"BreadcrumbList\",\"@id\":\"https:\/\/www.sfdc.fr\/index.php\/contact\/#breadcrumb\",\"itemListElement\":[{\"@type\":\"ListItem\",\"position\":1,\"name\":\"Accueil\",\"item\":\"https:\/\/www.sfdc.fr\/\"},{\"@type\":\"ListItem\",\"position\":2,\"name\":\"Contact\"}]},{\"@type\":\"WebSite\",\"@id\":\"https:\/\/www.sfdc.fr\/#website\",\"url\":\"https:\/\/www.sfdc.fr\/\",\"name\":\"Soci\u00e9t\u00e9 Fran\u00e7aise du Cin\u00e9ma\",\"description\":\"La Soci\u00e9t\u00e9 Fran\u00e7aise du Cin\u00e9ma est une soci\u00e9t\u00e9 de production cin\u00e9matographique ind\u00e9pendante qui produit des fictions, des films d&#039;animation et des documentaires.\",\"publisher\":{\"@id\":\"https:\/\/www.sfdc.fr\/#organization\"},\"potentialAction\":[{\"@type\":\"SearchAction\",\"target\":{\"@type\":\"EntryPoint\",\"urlTemplate\":\"https:\/\/www.sfdc.fr\/?s={search_term_string}\"},\"query-input\":\"required name=search_term_string\"}],\"inLanguage\":\"fr-FR\"},{\"@type\":\"Organization\",\"@id\":\"https:\/\/www.sfdc.fr\/#organization\",\"name\":\"Soci\u00e9t\u00e9 Fran\u00e7aise du Cin\u00e9ma\",\"url\":\"https:\/\/www.sfdc.fr\/\",\"logo\":{\"@type\":\"ImageObject\",\"inLanguage\":\"fr-FR\",\"@id\":\"https:\/\/www.sfdc.fr\/#\/schema\/logo\/image\/\",\"url\":\"https:\/\/www.sfdc.fr\/wp-content\/uploads\/2022\/04\/cropped-cropped-cropped-Logo-SFDC-3-1.png\",\"contentUrl\":\"https:\/\/www.sfdc.fr\/wp-content\/uploads\/2022\/04\/cropped-cropped-cropped-Logo-SFDC-3-1.png\",\"width\":512,\"height\":457,\"caption\":\"Soci\u00e9t\u00e9 Fran\u00e7aise du Cin\u00e9ma\"},\"image\":{\"@id\":\"https:\/\/www.sfdc.fr\/#\/schema\/logo\/image\/\"}}]}<\/script>\n<!-- \/ Yoast SEO plugin. -->","yoast_head_json":{"title":"Contact - Soci\u00e9t\u00e9 Fran\u00e7aise du Cin\u00e9ma","robots":{"index":"noindex","follow":"nofollow"},"og_locale":"fr_FR","og_type":"article","og_title":"Contact - Soci\u00e9t\u00e9 Fran\u00e7aise du Cin\u00e9ma","og_description":"Contact Pour toute demande de renseignement concernant nos projets, nos productions ou nos films, nous vous remercions de prendre contact avec nous via notre formulaire. Nous nous engageons \u00e0 vous r\u00e9pondre dans les meilleurs d\u00e9lais.&nbsp;","og_url":"https:\/\/www.sfdc.fr\/index.php\/contact\/","og_site_name":"Soci\u00e9t\u00e9 Fran\u00e7aise du Cin\u00e9ma","article_modified_time":"2024-08-21T19:43:31+00:00","twitter_card":"summary_large_image","twitter_misc":{"Dur\u00e9e de lecture estim\u00e9e":"1 minute"},"schema":{"@context":"https:\/\/schema.org","@graph":[{"@type":"WebPage","@id":"https:\/\/www.sfdc.fr\/index.php\/contact\/","url":"https:\/\/www.sfdc.fr\/index.php\/contact\/","name":"Contact - Soci\u00e9t\u00e9 Fran\u00e7aise du Cin\u00e9ma","isPartOf":{"@id":"https:\/\/www.sfdc.fr\/#website"},"datePublished":"2022-04-21T09:21:10+00:00","dateModified":"2024-08-21T19:43:31+00:00","breadcrumb":{"@id":"https:\/\/www.sfdc.fr\/index.php\/contact\/#breadcrumb"},"inLanguage":"fr-FR","potentialAction":[{"@type":"ReadAction","target":["https:\/\/www.sfdc.fr\/index.php\/contact\/"]}]},{"@type":"BreadcrumbList","@id":"https:\/\/www.sfdc.fr\/index.php\/contact\/#breadcrumb","itemListElement":[{"@type":"ListItem","position":1,"name":"Accueil","item":"https:\/\/www.sfdc.fr\/"},{"@type":"ListItem","position":2,"name":"Contact"}]},{"@type":"WebSite","@id":"https:\/\/www.sfdc.fr\/#website","url":"https:\/\/www.sfdc.fr\/","name":"Soci\u00e9t\u00e9 Fran\u00e7aise du Cin\u00e9ma","description":"La Soci\u00e9t\u00e9 Fran\u00e7aise du Cin\u00e9ma est une soci\u00e9t\u00e9 de production cin\u00e9matographique ind\u00e9pendante qui produit des fictions, des films d&#039;animation et des documentaires.","publisher":{"@id":"https:\/\/www.sfdc.fr\/#organization"},"potentialAction":[{"@type":"SearchAction","target":{"@type":"EntryPoint","urlTemplate":"https:\/\/www.sfdc.fr\/?s={search_term_string}"},"query-input":"required name=search_term_string"}],"inLanguage":"fr-FR"},{"@type":"Organization","@id":"https:\/\/www.sfdc.fr\/#organization","name":"Soci\u00e9t\u00e9 Fran\u00e7aise du Cin\u00e9ma","url":"https:\/\/www.sfdc.fr\/","logo":{"@type":"ImageObject","inLanguage":"fr-FR","@id":"https:\/\/www.sfdc.fr\/#\/schema\/logo\/image\/","url":"https:\/\/www.sfdc.fr\/wp-content\/uploads\/2022\/04\/cropped-cropped-cropped-Logo-SFDC-3-1.png","contentUrl":"https:\/\/www.sfdc.fr\/wp-content\/uploads\/2022\/04\/cropped-cropped-cropped-Logo-SFDC-3-1.png","width":512,"height":457,"caption":"Soci\u00e9t\u00e9 Fran\u00e7aise du Cin\u00e9ma"},"image":{"@id":"https:\/\/www.sfdc.fr\/#\/schema\/logo\/image\/"}}]}},"_links":{"self":[{"href":"https:\/\/www.sfdc.fr\/index.php\/wp-json\/wp\/v2\/pages\/17","targetHints":{"allow":["GET"]}}],"collection":[{"href":"https:\/\/www.sfdc.fr\/index.php\/wp-json\/wp\/v2\/pages"}],"about":[{"href":"https:\/\/www.sfdc.fr\/index.php\/wp-json\/wp\/v2\/types\/page"}],"author":[{"embeddable":true,"href":"https:\/\/www.sfdc.fr\/index.php\/wp-json\/wp\/v2\/users\/2"}],"replies":[{"embeddable":true,"href":"https:\/\/www.sfdc.fr\/index.php\/wp-json\/wp\/v2\/comments?post=17"}],"version-history":[{"count":169,"href":"https:\/\/www.sfdc.fr\/index.php\/wp-json\/wp\/v2\/pages\/17\/revisions"}],"predecessor-version":[{"id":813,"href":"https:\/\/www.sfdc.fr\/index.php\/wp-json\/wp\/v2\/pages\/17\/revisions\/813"}],"wp:attachment":[{"href":"https:\/\/www.sfdc.fr\/index.php\/wp-json\/wp\/v2\/media?parent=17"}],"curies":[{"name":"wp","href":"https:\/\/api.w.org\/{rel}","templated":true}]}}